{"id":934,"date":"2023-12-13T16:17:58","date_gmt":"2023-12-13T15:17:58","guid":{"rendered":"http:\/\/www.webgate.fr\/ptsi\/?page_id=934"},"modified":"2026-03-27T15:07:27","modified_gmt":"2026-03-27T14:07:27","slug":"programme-de-kholle","status":"publish","type":"page","link":"http:\/\/www.webgate.fr\/ptsi\/programme-de-kholle\/","title":{"rendered":"Programme de kh\u00f4lle"},"content":{"rendered":"\n<h2>A partir du 30-03<\/h2>\n\n\n\n<p>Tout le chapitre sur l&rsquo;\u00e9lectrotechnique : <\/p>\n\n\n\n<p>convertisseurs statiques, moteurs \u00e0 courant continu, moteurs asynchrones, moteurs synchrones<\/p>\n\n\n\n<h2>A partir du 16-03<\/h2>\n\n\n\n<p> Convertisseurs statiques, moteurs \u00e0 courant continu<\/p>\n\n\n\n<h2>A partir du 09-03<\/h2>\n\n\n\n<p>R\u00e9gimes \u00e9lectriques, convertisseurs statiques.<\/p>\n\n\n\n<h2>A partir du 09-02<\/h2>\n\n\n\n<p>Programme de kh\u00f4lle identique \u00e0 la semaine pass\u00e9e<\/p>\n\n\n\n<h2>A partir du 01-02<\/h2>\n\n\n\n<p>Tout le chapitre Syst\u00e8mes Lin\u00e9aires Continus Invariants<\/p>\n\n\n\n<p>(En particulier r\u00e9glages de correcteurs de tous types)<\/p>\n\n\n\n<h2>\u00c0 partir du 26-01<\/h2>\n\n\n\n<p>idem semaine pr\u00e9c\u00e9dente, en ajoutant les performances.<\/p>\n\n\n\n<h2>A partir du 19-01<\/h2>\n\n\n\n<p>Idem semaine pr\u00e9c\u00e9dente, en ajoutant les diagrammes de Bode d&rsquo;une fonction de transfert quelconque<\/p>\n\n\n\n<h2>A partir du 12-01<\/h2>\n\n\n\n<ul><li>Syst\u00e8mes lin\u00e9aires continus invariants. <\/li><li>Transform\u00e9e de Laplace et th\u00e9or\u00e8mes associ\u00e9s. <\/li><li>D\u00e9composition d&rsquo;une fonction rationnelle en \u00e9l\u00e9ments simples. <\/li><li>Transform\u00e9e de Laplace inverse. <\/li><li>R\u00e9solution d&rsquo;une \u00e9quation diff\u00e9rentielle en utilisant la transform\u00e9e de Laplace. <\/li><li>Sch\u00e9ma blocs et fonction de transfert<\/li><li>Syst\u00e8mes du premier ordre et du second ordre<\/li><\/ul>\n\n\n\n<h2>A partir du 5-1<\/h2>\n\n\n\n<p>PFD et TEC <\/p>\n\n\n\n<h2>A partir du 14-12<\/h2>\n\n\n\n<p>Principe Fondamental de la Dynamique <\/p>\n\n\n\n<h2>A partir du 07-12<\/h2>\n\n\n\n<p>D\u00e9termination du centre d&rsquo;inertie et de la matrice d&rsquo;inertie d&rsquo;un solide quelconque (3D, 2D ou 1D)<\/p>\n\n\n\n<h2>A partir du 24-11<\/h2>\n\n\n\n<p>Resistance des mat\u00e9riaux. Torseur de cohesion. Contrainte et defomation dans les cas de la traction\/compression et de la flexion. Dimensionnement.<\/p>\n\n\n\n<h2>A partir du 10-11<\/h2>\n\n\n\n<p>Th\u00e9orie des m\u00e9canismes<\/p>\n\n\n\n<h2>A partir du 13-10<\/h2>\n\n\n\n<p>Statique analytique et graphique<\/p>\n\n\n\n<p>Transmission de puissance<\/p>\n\n\n\n<h2>A partir du 6-10<\/h2>\n\n\n\n<p>Transmission de puissance et transformation de mouvement.<\/p>\n\n\n\n<p>Trains d&rsquo;engrenages \u00e0 axes fixes ou \u00e9picyclo\u00efdaux, autres types de transmission de puissance, m\u00e9canismes de transformation de mouvement.<\/p>\n\n\n\n<p><\/p>\n\n\n\n<h2>A partir du 22-09<\/h2>\n\n\n\n<p>Mod\u00e9lisation des actions m\u00e9caniques<\/p>\n\n\n\n<p><\/p>\n\n\n\n<ul><li>Savoir \u00e9crire l&rsquo;action m\u00e9canique d&rsquo;un point de vue local (a distance ou de contact)<\/li><li>Savoir utiliser les lois de Coulomb dans le cas du frottement sec (adh\u00e9rence ou glissement)<\/li><li>Savoir passer du mod\u00e8le local au global en utilisant l&rsquo;outil torseur<\/li><li>Savoir \u00e9crire l&rsquo;action d&rsquo;un fluide sur un solide, du point de vue local (direction de l&rsquo;effort infinit\u00e9simal, valeur de la pression en fonction de la profondeur)<\/li><li>Utiliser les simplifications ad\u00e9quates le cas \u00e9ch\u00e9ant (sym\u00e9tries, &#8230;)<\/li><li>Connaitre tous principaux syst\u00e8mes de coordonn\u00e9es (cart\u00e9siennes, polaires, cylindriques, sph\u00e9rique) et \u00e9crire les \u00e9l\u00e9ments infinit\u00e9simaux (surfaciques ou volumiques)<\/li><li>Savoir d\u00e9terminer le centre d&rsquo;inertie d&rsquo;un solide (volumique, mais \u00e9galement surfacique ou lin\u00e9ique)<\/li><\/ul>\n\n\n\n<h2><strong>A partir du 08-0<\/strong>9<\/h2>\n\n\n\n<p>Cin\u00e9matique<\/p>\n\n\n\n<p><\/p>\n\n\n\n<p><\/p>\n","protected":false},"excerpt":{"rendered":"<p>A partir du 30-03 Tout le chapitre sur l&rsquo;\u00e9lectrotechnique : convertisseurs statiques, moteurs \u00e0 courant continu, moteurs asynchrones, moteurs synchrones A partir du 16-03 Convertisseurs statiques, moteurs \u00e0 courant continu A partir du 09-03 R\u00e9gimes \u00e9lectriques, convertisseurs statiques. A partir du 09-02 Programme de kh\u00f4lle identique \u00e0 la semaine pass\u00e9e A partir du 01-02 Tout &hellip; <a href=\"http:\/\/www.webgate.fr\/ptsi\/programme-de-kholle\/\" class=\"more-link\">Continuer la lecture de <span class=\"screen-reader-text\">Programme de kh\u00f4lle<\/span><\/a><\/p>\n","protected":false},"author":1,"featured_media":0,"parent":0,"menu_order":0,"comment_status":"closed","ping_status":"closed","template":"","meta":[],"_links":{"self":[{"href":"http:\/\/www.webgate.fr\/ptsi\/wp-json\/wp\/v2\/pages\/934"}],"collection":[{"href":"http:\/\/www.webgate.fr\/ptsi\/wp-json\/wp\/v2\/pages"}],"about":[{"href":"http:\/\/www.webgate.fr\/ptsi\/wp-json\/wp\/v2\/types\/page"}],"author":[{"embeddable":true,"href":"http:\/\/www.webgate.fr\/ptsi\/wp-json\/wp\/v2\/users\/1"}],"replies":[{"embeddable":true,"href":"http:\/\/www.webgate.fr\/ptsi\/wp-json\/wp\/v2\/comments?post=934"}],"version-history":[{"count":62,"href":"http:\/\/www.webgate.fr\/ptsi\/wp-json\/wp\/v2\/pages\/934\/revisions"}],"predecessor-version":[{"id":1324,"href":"http:\/\/www.webgate.fr\/ptsi\/wp-json\/wp\/v2\/pages\/934\/revisions\/1324"}],"wp:attachment":[{"href":"http:\/\/www.webgate.fr\/ptsi\/wp-json\/wp\/v2\/media?parent=934"}],"curies":[{"name":"wp","href":"https:\/\/api.w.org\/{rel}","templated":true}]}}