{"id":287,"date":"2017-12-02T10:40:08","date_gmt":"2017-12-02T08:40:08","guid":{"rendered":"http:\/\/www.webgate.fr\/bia\/?page_id=287"},"modified":"2017-12-09T12:48:20","modified_gmt":"2017-12-09T10:48:20","slug":"liens","status":"publish","type":"page","link":"http:\/\/www.webgate.fr\/bia\/?page_id=287","title":{"rendered":"Liens"},"content":{"rendered":"<p><a href=\"https:\/\/www.lavionnaire.fr\/\" target=\"_blank\" rel=\"noopener\">L&rsquo;avionnaire : un site tr\u00e8s complet et bien illustr\u00e9 d\u00e9di\u00e9 \u00e0 l&rsquo;aviation.<\/a><\/p>\n","protected":false},"excerpt":{"rendered":"<p>L&rsquo;avionnaire : un site tr\u00e8s complet et bien illustr\u00e9 d\u00e9di\u00e9 \u00e0 l&rsquo;aviation.<\/p>\n","protected":false},"author":2,"featured_media":0,"parent":0,"menu_order":100,"comment_status":"closed","ping_status":"closed","template":"","meta":[],"_links":{"self":[{"href":"http:\/\/www.webgate.fr\/bia\/index.php?rest_route=\/wp\/v2\/pages\/287"}],"collection":[{"href":"http:\/\/www.webgate.fr\/bia\/index.php?rest_route=\/wp\/v2\/pages"}],"about":[{"href":"http:\/\/www.webgate.fr\/bia\/index.php?rest_route=\/wp\/v2\/types\/page"}],"author":[{"embeddable":true,"href":"http:\/\/www.webgate.fr\/bia\/index.php?rest_route=\/wp\/v2\/users\/2"}],"replies":[{"embeddable":true,"href":"http:\/\/www.webgate.fr\/bia\/index.php?rest_route=%2Fwp%2Fv2%2Fcomments&post=287"}],"version-history":[{"count":1,"href":"http:\/\/www.webgate.fr\/bia\/index.php?rest_route=\/wp\/v2\/pages\/287\/revisions"}],"predecessor-version":[{"id":288,"href":"http:\/\/www.webgate.fr\/bia\/index.php?rest_route=\/wp\/v2\/pages\/287\/revisions\/288"}],"wp:attachment":[{"href":"http:\/\/www.webgate.fr\/bia\/index.php?rest_route=%2Fwp%2Fv2%2Fmedia&parent=287"}],"curies":[{"name":"wp","href":"https:\/\/api.w.org\/{rel}","templated":true}]}}