{"id":22,"date":"2016-09-22T10:49:37","date_gmt":"2016-09-22T08:49:37","guid":{"rendered":"http:\/\/www.webgate.fr\/bia\/?page_id=22"},"modified":"2024-09-03T23:12:47","modified_gmt":"2024-09-03T21:12:47","slug":"cest-pas-sorcier","status":"publish","type":"page","link":"http:\/\/www.webgate.fr\/bia\/?page_id=22","title":{"rendered":"C&rsquo;est pas sorcier"},"content":{"rendered":"<p>L&rsquo;a\u00e9rodynamique<\/p>\n<p><iframe loading=\"lazy\" title=\"C&#039;est pas sorcier - Sorciers ne manquent pas d&#039;air\" width=\"474\" height=\"356\" src=\"https:\/\/www.youtube.com\/embed\/iCGHa2Ze_tU?feature=oembed\" frameborder=\"0\" allow=\"accelerometer; autoplay; clipboard-write; encrypted-media; gyroscope; picture-in-picture; web-share\" referrerpolicy=\"strict-origin-when-cross-origin\" allowfullscreen><\/iframe><\/p>\n<p>Le vol \u00e0 voile<\/p>\n<p><iframe loading=\"lazy\" title=\"C&#039;est pas sorcier -VOL A VOILE\u00a0: \u00c7A PLANE POUR LES SORCIERS !\" width=\"474\" height=\"356\" src=\"https:\/\/www.youtube.com\/embed\/xJuwrI14lmY?feature=oembed\" frameborder=\"0\" allow=\"accelerometer; autoplay; clipboard-write; encrypted-media; gyroscope; picture-in-picture; web-share\" referrerpolicy=\"strict-origin-when-cross-origin\" allowfullscreen><\/iframe><\/p>\n<p>Avion de chasse<\/p>\n<p><iframe loading=\"lazy\" title=\"C&#039;est pas sorcier - Avion de chasse\" width=\"474\" height=\"356\" src=\"https:\/\/www.youtube.com\/embed\/hjCDtTDWmgQ?feature=oembed\" frameborder=\"0\" allow=\"accelerometer; autoplay; clipboard-write; encrypted-media; gyroscope; picture-in-picture; web-share\" referrerpolicy=\"strict-origin-when-cross-origin\" allowfullscreen><\/iframe><\/p>\n<p>Les h\u00e9licopt\u00e8res<\/p>\n<p><iframe loading=\"lazy\" title=\"C&#039;est pas sorcier - H\u00e9licopt\u00e8res\" width=\"474\" height=\"356\" src=\"https:\/\/www.youtube.com\/embed\/ULeMFoy-aq4?feature=oembed\" frameborder=\"0\" allow=\"accelerometer; autoplay; clipboard-write; encrypted-media; gyroscope; picture-in-picture; web-share\" referrerpolicy=\"strict-origin-when-cross-origin\" allowfullscreen><\/iframe><\/p>\n<p>Les moteurs d&rsquo;avions<\/p>\n<p><iframe loading=\"lazy\" title=\"C&#039;est pas sorcier -MOTEURS D&#039;AVION\u00a0: \u00e7a va d\u00e9coller\u00a0!\" width=\"474\" height=\"356\" src=\"https:\/\/www.youtube.com\/embed\/p2BcLdRwZ54?feature=oembed\" frameborder=\"0\" allow=\"accelerometer; autoplay; clipboard-write; encrypted-media; gyroscope; picture-in-picture; web-share\" referrerpolicy=\"strict-origin-when-cross-origin\" allowfullscreen><\/iframe><\/p>\n<p>La voltige<\/p>\n<p><iframe loading=\"lazy\" title=\"C&#039;est Pas Sorcier - Les acrobates du ciel, les voltigeurs de la patrouille de France\" width=\"474\" height=\"267\" src=\"https:\/\/www.youtube.com\/embed\/E6aVekbpSbs?feature=oembed\" frameborder=\"0\" allow=\"accelerometer; autoplay; clipboard-write; encrypted-media; gyroscope; picture-in-picture; web-share\" referrerpolicy=\"strict-origin-when-cross-origin\" allowfullscreen><\/iframe><\/p>\n<p>Le porte avions Charles De Gaulle<\/p>\n<p><iframe loading=\"lazy\" title=\"C&#039;est pas sorcier - Le porte avions Charles de Gaulle : Les sorcier sur le pont d&#039;envol\" width=\"474\" height=\"267\" src=\"https:\/\/www.youtube.com\/embed\/WzcndV6AeIc?start=892&#038;feature=oembed\" frameborder=\"0\" allow=\"accelerometer; autoplay; clipboard-write; encrypted-media; gyroscope; picture-in-picture; web-share\" referrerpolicy=\"strict-origin-when-cross-origin\" allowfullscreen><\/iframe><\/p>\n<p>Les drones<\/p>\n<p><iframe loading=\"lazy\" title=\"C&#039;est pas sorcier -Dr\u00f4le de drones\" width=\"474\" height=\"267\" src=\"https:\/\/www.youtube.com\/embed\/1RoV-dljX7A?feature=oembed\" frameborder=\"0\" allow=\"accelerometer; autoplay; clipboard-write; encrypted-media; gyroscope; picture-in-picture; web-share\" referrerpolicy=\"strict-origin-when-cross-origin\" allowfullscreen><\/iframe><\/p>\n<p>La m\u00e9t\u00e9orologie<\/p>\n<p>https:\/\/www.youtube.com\/watch?v=ldlhPV5uOjk<\/p>\n<p>L&rsquo;atmosph\u00e8re<\/p>\n<p><iframe loading=\"lazy\" title=\"TOUT COMPRENDRE SUR L&#039;ATMOSPH\u00c8RE - Dossier #1 - L&#039;Esprit Sorcier\" width=\"474\" height=\"267\" src=\"https:\/\/www.youtube.com\/embed\/ErKJv0FmgG4?feature=oembed\" frameborder=\"0\" allow=\"accelerometer; autoplay; clipboard-write; encrypted-media; gyroscope; picture-in-picture; web-share\" referrerpolicy=\"strict-origin-when-cross-origin\" allowfullscreen><\/iframe><\/p>\n<p>La cartographie<\/p>\n<p><iframe loading=\"lazy\" title=\"C&#039;est pas sorcier -CARTOGRAPHIE\" width=\"474\" height=\"356\" src=\"https:\/\/www.youtube.com\/embed\/Ft6KM9AzKig?feature=oembed\" frameborder=\"0\" allow=\"accelerometer; autoplay; clipboard-write; encrypted-media; gyroscope; picture-in-picture; web-share\" referrerpolicy=\"strict-origin-when-cross-origin\" allowfullscreen><\/iframe><\/p>\n\n\n<h2>Les montgolfi\u00e8res<\/h2>\n\n\n\n<figure class=\"wp-block-embed is-type-video is-provider-youtube wp-block-embed-youtube wp-embed-aspect-4-3 wp-has-aspect-ratio\"><div class=\"wp-block-embed__wrapper\">\n<iframe loading=\"lazy\" title=\"C&#039;est pas sorcier -BALLONS, C&#039;EST GONFLE\" width=\"474\" height=\"356\" src=\"https:\/\/www.youtube.com\/embed\/yVDT6UQ1IgY?feature=oembed\" frameborder=\"0\" allow=\"accelerometer; autoplay; clipboard-write; encrypted-media; gyroscope; picture-in-picture; web-share\" referrerpolicy=\"strict-origin-when-cross-origin\" allowfullscreen><\/iframe>\n<\/div><\/figure>\n\n\n\n<h2>Conqu\u00eate de l&rsquo;espace<\/h2>\n\n\n\n<figure class=\"wp-block-embed is-type-video is-provider-youtube wp-block-embed-youtube wp-embed-aspect-4-3 wp-has-aspect-ratio\"><div class=\"wp-block-embed__wrapper\">\n<iframe loading=\"lazy\" title=\"HOMME DANS ESPACE\u00a0: Histoire d\u2019une conqu\u00eate - C&#039;est Pas Sorcier\" width=\"474\" height=\"356\" src=\"https:\/\/www.youtube.com\/embed\/yuBxzyndcDs?feature=oembed\" frameborder=\"0\" allow=\"accelerometer; autoplay; clipboard-write; encrypted-media; gyroscope; picture-in-picture; web-share\" referrerpolicy=\"strict-origin-when-cross-origin\" allowfullscreen><\/iframe>\n<\/div><\/figure>\n\n\n\n<h2>Vol en impesanteur<\/h2>\n\n\n\n<figure class=\"wp-block-embed is-type-video is-provider-youtube wp-block-embed-youtube wp-embed-aspect-4-3 wp-has-aspect-ratio\"><div class=\"wp-block-embed__wrapper\">\n<iframe loading=\"lazy\" title=\"C&#039;est pas sorcier -VOL EN IMPESANTEUR\" width=\"474\" height=\"356\" src=\"https:\/\/www.youtube.com\/embed\/1ZhlWS89cGs?feature=oembed\" frameborder=\"0\" allow=\"accelerometer; autoplay; clipboard-write; encrypted-media; gyroscope; picture-in-picture; web-share\" referrerpolicy=\"strict-origin-when-cross-origin\" allowfullscreen><\/iframe>\n<\/div><\/figure>\n\n\n\n<h2>Airbus A380<\/h2>\n\n\n\n<figure class=\"wp-block-embed is-type-video is-provider-youtube wp-block-embed-youtube wp-embed-aspect-16-9 wp-has-aspect-ratio\"><div class=\"wp-block-embed__wrapper\">\nhttps:\/\/www.youtube.com\/watch?v=_uUovqLQAz0\n<\/div><\/figure>\n","protected":false},"excerpt":{"rendered":"<p>L&rsquo;a\u00e9rodynamique Le vol \u00e0 voile Avion de chasse Les h\u00e9licopt\u00e8res Les moteurs d&rsquo;avions La voltige Le porte avions Charles De Gaulle Les drones La m\u00e9t\u00e9orologie https:\/\/www.youtube.com\/watch?v=ldlhPV5uOjk L&rsquo;atmosph\u00e8re La cartographie Les montgolfi\u00e8res Conqu\u00eate de l&rsquo;espace Vol en impesanteur Airbus A380<\/p>\n","protected":false},"author":1,"featured_media":0,"parent":18,"menu_order":0,"comment_status":"closed","ping_status":"closed","template":"","meta":[],"_links":{"self":[{"href":"http:\/\/www.webgate.fr\/bia\/index.php?rest_route=\/wp\/v2\/pages\/22"}],"collection":[{"href":"http:\/\/www.webgate.fr\/bia\/index.php?rest_route=\/wp\/v2\/pages"}],"about":[{"href":"http:\/\/www.webgate.fr\/bia\/index.php?rest_route=\/wp\/v2\/types\/page"}],"author":[{"embeddable":true,"href":"http:\/\/www.webgate.fr\/bia\/index.php?rest_route=\/wp\/v2\/users\/1"}],"replies":[{"embeddable":true,"href":"http:\/\/www.webgate.fr\/bia\/index.php?rest_route=%2Fwp%2Fv2%2Fcomments&post=22"}],"version-history":[{"count":16,"href":"http:\/\/www.webgate.fr\/bia\/index.php?rest_route=\/wp\/v2\/pages\/22\/revisions"}],"predecessor-version":[{"id":1041,"href":"http:\/\/www.webgate.fr\/bia\/index.php?rest_route=\/wp\/v2\/pages\/22\/revisions\/1041"}],"up":[{"embeddable":true,"href":"http:\/\/www.webgate.fr\/bia\/index.php?rest_route=\/wp\/v2\/pages\/18"}],"wp:attachment":[{"href":"http:\/\/www.webgate.fr\/bia\/index.php?rest_route=%2Fwp%2Fv2%2Fmedia&parent=22"}],"curies":[{"name":"wp","href":"https:\/\/api.w.org\/{rel}","templated":true}]}}